{"id":1947,"date":"2023-02-21T10:26:50","date_gmt":"2023-02-21T09:26:50","guid":{"rendered":"http:\/\/sp174.waw.pl\/?page_id=1947"},"modified":"2023-02-21T11:02:34","modified_gmt":"2023-02-21T10:02:34","slug":"deklaracja-dostepnosci","status":"publish","type":"page","link":"https:\/\/sp174.waw.pl\/?page_id=1947","title":{"rendered":"Deklaracja dost\u0119pno\u015bci"},"content":{"rendered":"\n<p class=\"has-black-color has-text-color\">Deklaracja dost\u0119pno\u015bci Witryna szko\u0142y<br>Szko\u0142a Podstawowa zobowi\u0105zuje si\u0119 zapewni\u0107 dost\u0119pno\u015b\u0107 swojej strony internetowej zgodnie z przepisami ustawy z dnia 4 kwietnia 2019 r. o dost\u0119pno\u015bci cyfrowej stron internetowych i aplikacji mobilnych podmiot\u00f3w publicznych. O\u015bwiadczenie w sprawie dost\u0119pno\u015bci ma zastosowanie do strony internetowej Witryna szko\u0142y.<br><br>Data publikacji strony internetowej: 2022-09-01<br>Data ostatniej istotnej aktualizacji: 2022-09-01<br>Status pod wzgl\u0119dem zgodno\u015bci z ustaw\u0105<br>Strona internetowa jest  zgodna z ustaw\u0105 o dost\u0119pno\u015bci cyfrowej stron internetowych i aplikacji mobilnych podmiot\u00f3w publicznych.<br><br>Przygotowanie deklaracji w sprawie dost\u0119pno\u015bci<br>Deklaracj\u0119 sporz\u0105dzono dnia: 2022-09-01<br>Deklaracj\u0119 zosta\u0142a ostatnio poddana przegl\u0105dowi i aktualizacji dnia: 2022-09-01<br>Deklaracj\u0119 sporz\u0105dzono na podstawie samooceny.<br><br>Informacje zwrotne i dane kontaktowe<br>Za rozpatrywanie uwag i wniosk\u00f3w odpowiada: Pawe\u0142 Krajewski.<br>E-mail: sekretariat.sp174@eduwarszawa.pl <br>Telefon: 22 7734003<br><\/p>\n\n\n\n<p class=\"has-black-color has-text-color\">Ka\u017cdy ma prawo:<br>&#8211; zg\u0142osi\u0107 uwagi dotycz\u0105ce dost\u0119pno\u015bci cyfrowej strony lub jej elementu,<br>&#8211; zg\u0142osi\u0107 \u017c\u0105danie zapewnienia dost\u0119pno\u015bci cyfrowej strony lub jej elementu,<br>&#8211; wnioskowa\u0107 o udost\u0119pnienie niedost\u0119pnej informacji w innej alternatywnej formie.<br><\/p>\n\n\n\n<p class=\"has-black-color has-text-color\">\u017b\u0105danie musi zawiera\u0107:<br>&#8211; dane kontaktowe osoby zg\u0142aszaj\u0105cej,<br>&#8211; wskazanie strony lub elementu strony, kt\u00f3rej dotyczy \u017c\u0105danie,<br>&#8211; wskazanie dogodnej formy udost\u0119pnienia informacji, je\u015bli \u017c\u0105danie dotyczy udost\u0119pnienia w formie alternatywnej informacji niedost\u0119pnej.<br>Rozpatrzenie zg\u0142oszenia powinno nast\u0105pi\u0107 niezw\u0142ocznie, najp\u00f3\u017aniej w ci\u0105gu 7 dni. Je\u015bli w tym terminie zapewnienie dost\u0119pno\u015bci albo zapewnienie dost\u0119pu w alternatywnej formie nie jest mo\u017cliwe, powinno nast\u0105pi\u0107 najdalej w ci\u0105gu 2 miesi\u0119cy od daty zg\u0142oszenia.<br><br>Skargi i odwo\u0142ania:<br>Na niedotrzymanie tych termin\u00f3w oraz na odmow\u0119 realizacji \u017c\u0105dania mo\u017cna z\u0142o\u017cy\u0107 skarg\u0119 do organu nadzoruj\u0105cego poczt\u0105 lub drog\u0105 elektroniczn\u0105 na adres:<br><br>Organ nadzoruj\u0105cy: Dyrektor Szko\u0142y Podstawowej nr 174 z Oddzia\u0142ami Integracyjnymi w Warszawie<br>Adres: 05-075 Warszawa, plac Wojska Polskiego 28<br>E-mail: sekretariat.sp174@eduwarszawa.pl <br>Telefon: 22 7734003<br>Skarg\u0119 mo\u017cna z\u0142o\u017cy\u0107 r\u00f3wnie\u017c do Rzecznika Praw Obywatelskich.<\/p>\n","protected":false},"excerpt":{"rendered":"<p>Deklaracja dost\u0119pno\u015bci Witryna szko\u0142ySzko\u0142a Podstawowa zobowi\u0105zuje si\u0119 zapewni\u0107 dost\u0119pno\u015b\u0107 swojej strony internetowej zgodnie z przepisami ustawy z dnia 4 kwietnia 2019 r. o dost\u0119pno\u015bci cyfrowej stron internetowych i aplikacji mobilnych podmiot\u00f3w publicznych. O\u015bwiadczenie w sprawie dost\u0119pno\u015bci ma zastosowanie do strony internetowej Witryna szko\u0142y. Data publikacji strony internetowej: 2022-09-01Data ostatniej istotnej aktualizacji: 2022-09-01Status pod wzgl\u0119dem zgodno\u015bci&hellip; <br \/> <a class=\"read-more\" href=\"https:\/\/sp174.waw.pl\/?page_id=1947\">Czytaj dalej<\/a><\/p>\n","protected":false},"author":1,"featured_media":0,"parent":0,"menu_order":0,"comment_status":"closed","ping_status":"closed","template":"","meta":{"footnotes":""},"class_list":["post-1947","page","type-page","status-publish","hentry"],"_links":{"self":[{"href":"https:\/\/sp174.waw.pl\/index.php?rest_route=\/wp\/v2\/pages\/1947","targetHints":{"allow":["GET"]}}],"collection":[{"href":"https:\/\/sp174.waw.pl\/index.php?rest_route=\/wp\/v2\/pages"}],"about":[{"href":"https:\/\/sp174.waw.pl\/index.php?rest_route=\/wp\/v2\/types\/page"}],"author":[{"embeddable":true,"href":"https:\/\/sp174.waw.pl\/index.php?rest_route=\/wp\/v2\/users\/1"}],"replies":[{"embeddable":true,"href":"https:\/\/sp174.waw.pl\/index.php?rest_route=%2Fwp%2Fv2%2Fcomments&post=1947"}],"version-history":[{"count":3,"href":"https:\/\/sp174.waw.pl\/index.php?rest_route=\/wp\/v2\/pages\/1947\/revisions"}],"predecessor-version":[{"id":1952,"href":"https:\/\/sp174.waw.pl\/index.php?rest_route=\/wp\/v2\/pages\/1947\/revisions\/1952"}],"wp:attachment":[{"href":"https:\/\/sp174.waw.pl\/index.php?rest_route=%2Fwp%2Fv2%2Fmedia&parent=1947"}],"curies":[{"name":"wp","href":"https:\/\/api.w.org\/{rel}","templated":true}]}}